{"id":377,"date":"2022-12-17T13:33:39","date_gmt":"2022-12-17T13:33:39","guid":{"rendered":"https:\/\/nowakefi.pl\/?page_id=377"},"modified":"2025-12-14T13:05:47","modified_gmt":"2025-12-14T13:05:47","slug":"oferty","status":"publish","type":"page","link":"https:\/\/nowakefi.pl\/index.php\/oferty\/","title":{"rendered":"Oferta"},"content":{"rendered":"\n<h3 class=\"wp-block-heading has-text-align-center\">Zestaw elektronicznego wtrysku dla silnik\u00f3w V8 Mercedesa&nbsp;M119 SL500 R129<\/h3>\n\n\n<div class=\"wp-block-image is-resized\">\n<figure class=\"aligncenter size-large\"><img loading=\"lazy\" decoding=\"async\" width=\"1024\" height=\"499\" src=\"https:\/\/nowakefi.pl\/wp-content\/uploads\/2025\/09\/m119-1024x499.jpg\" alt=\"\" class=\"wp-image-713\" srcset=\"https:\/\/nowakefi.pl\/wp-content\/uploads\/2025\/09\/m119-1024x499.jpg 1024w, https:\/\/nowakefi.pl\/wp-content\/uploads\/2025\/09\/m119-300x146.jpg 300w, https:\/\/nowakefi.pl\/wp-content\/uploads\/2025\/09\/m119-768x374.jpg 768w, https:\/\/nowakefi.pl\/wp-content\/uploads\/2025\/09\/m119-1536x748.jpg 1536w, https:\/\/nowakefi.pl\/wp-content\/uploads\/2025\/09\/m119-2048x998.jpg 2048w\" sizes=\"auto, (max-width: 1024px) 100vw, 1024px\" \/><figcaption class=\"wp-element-caption\">&nbsp;<br>Zestaw sk\u0142ada si\u0119 z:<br>&#8211; Polerowane listwy wtryskowe ze stali nierdzewnej<br> &#8211; nowy zaw\u00f3r ci\u015bnienia paliwa<br> &#8211; przewody paliwowe ze stali nierdzewnej<br> &#8211; nowe wtryskiwacze paliwowe 8 szt.<br> &#8211; Wi\u0105zka kablowa (1.0)<br> &#8211; nowy silniczek krokowy<br> &#8211; sterownik DEC<br> &#8211; nowy czujnik IAT i CLT<br> &#8211; przew\u00f3d podci\u015bnienia<br>&#8211; za\u015blepka rozdzielacza paliwa i wtrysku rozruchowego<br> &#8211; pozosta\u0142e elementy monta\u017cowe<br>&nbsp;<br>O aktualn\u0105 ofert\u0119 prosz\u0119 pyta\u0107 telefonicznie.<\/figcaption><\/figure>\n<\/div>\n\n\n<h3 class=\"wp-block-heading has-text-align-center\">Zestaw elektronicznego wtrysku dla silnik\u00f3w V8 Mercedesa&nbsp;M116 i M117<\/h3>\n\n\n\n<figure class=\"wp-block-image size-large\"><img loading=\"lazy\" decoding=\"async\" width=\"1024\" height=\"508\" src=\"https:\/\/nowakefi.pl\/wp-content\/uploads\/2025\/09\/m117-1024x508.jpg\" alt=\"\" class=\"wp-image-712\" srcset=\"https:\/\/nowakefi.pl\/wp-content\/uploads\/2025\/09\/m117-1024x508.jpg 1024w, https:\/\/nowakefi.pl\/wp-content\/uploads\/2025\/09\/m117-300x149.jpg 300w, https:\/\/nowakefi.pl\/wp-content\/uploads\/2025\/09\/m117-768x381.jpg 768w, https:\/\/nowakefi.pl\/wp-content\/uploads\/2025\/09\/m117-1536x761.jpg 1536w, https:\/\/nowakefi.pl\/wp-content\/uploads\/2025\/09\/m117-2048x1015.jpg 2048w\" sizes=\"auto, (max-width: 1024px) 100vw, 1024px\" \/><\/figure>\n\n\n\n<h3 class=\"wp-block-heading has-text-align-center\">Zestaw elektronicznego wtrysku dla silnik\u00f3w R6 Mercedesa M110, M103, M104 <\/h3>\n\n\n<div class=\"wp-block-image is-resized\">\n<figure class=\"aligncenter size-full\"><img loading=\"lazy\" decoding=\"async\" width=\"2537\" height=\"1304\" src=\"https:\/\/nowakefi.pl\/wp-content\/uploads\/2025\/09\/m103.jpg\" alt=\"\" class=\"wp-image-711\" srcset=\"https:\/\/nowakefi.pl\/wp-content\/uploads\/2025\/09\/m103.jpg 2537w, https:\/\/nowakefi.pl\/wp-content\/uploads\/2025\/09\/m103-300x154.jpg 300w, https:\/\/nowakefi.pl\/wp-content\/uploads\/2025\/09\/m103-1024x526.jpg 1024w, https:\/\/nowakefi.pl\/wp-content\/uploads\/2025\/09\/m103-768x395.jpg 768w, https:\/\/nowakefi.pl\/wp-content\/uploads\/2025\/09\/m103-1536x789.jpg 1536w, https:\/\/nowakefi.pl\/wp-content\/uploads\/2025\/09\/m103-2048x1053.jpg 2048w\" sizes=\"auto, (max-width: 2537px) 100vw, 2537px\" \/><figcaption class=\"wp-element-caption\">&nbsp;<\/figcaption><\/figure>\n<\/div>\n\n\n<h3 class=\"wp-block-heading has-text-align-center\">Zestaw elektronicznego wtrysku dla silnik\u00f3w R4 Mercedesa M102<\/h3>\n\n\n\n<figure class=\"wp-block-image size-large\"><img loading=\"lazy\" decoding=\"async\" width=\"1024\" height=\"478\" src=\"https:\/\/nowakefi.pl\/wp-content\/uploads\/2025\/09\/m102-1024x478.jpg\" alt=\"\" class=\"wp-image-710\" srcset=\"https:\/\/nowakefi.pl\/wp-content\/uploads\/2025\/09\/m102-1024x478.jpg 1024w, https:\/\/nowakefi.pl\/wp-content\/uploads\/2025\/09\/m102-300x140.jpg 300w, https:\/\/nowakefi.pl\/wp-content\/uploads\/2025\/09\/m102-768x359.jpg 768w, https:\/\/nowakefi.pl\/wp-content\/uploads\/2025\/09\/m102-1536x717.jpg 1536w, https:\/\/nowakefi.pl\/wp-content\/uploads\/2025\/09\/m102-2048x957.jpg 2048w\" sizes=\"auto, (max-width: 1024px) 100vw, 1024px\" \/><\/figure>\n\n\n\n<h3 class=\"wp-block-heading has-text-align-center\">Pozosta\u0142e zestawy pozwalaj\u0105ce zast\u0105pi\u0107 uk\u0142ad mechanicznego wtrysku paliwa, naszymi zestawami EFI &#8211; elektroniczny wtrysk paliwa.<\/h3>\n\n\n\n<figure class=\"wp-block-image size-large\"><img loading=\"lazy\" decoding=\"async\" width=\"808\" height=\"1024\" src=\"https:\/\/nowakefi.pl\/wp-content\/uploads\/2025\/01\/Setkjet-808x1024.jpg\" alt=\"\" class=\"wp-image-638\" srcset=\"https:\/\/nowakefi.pl\/wp-content\/uploads\/2025\/01\/Setkjet-808x1024.jpg 808w, https:\/\/nowakefi.pl\/wp-content\/uploads\/2025\/01\/Setkjet-237x300.jpg 237w, https:\/\/nowakefi.pl\/wp-content\/uploads\/2025\/01\/Setkjet-768x973.jpg 768w, https:\/\/nowakefi.pl\/wp-content\/uploads\/2025\/01\/Setkjet-1212x1536.jpg 1212w, https:\/\/nowakefi.pl\/wp-content\/uploads\/2025\/01\/Setkjet.jpg 1616w\" sizes=\"auto, (max-width: 808px) 100vw, 808px\" \/><\/figure>\n\n\n\n<h3 class=\"wp-block-heading has-text-align-center\">Indywidualne dopasowanie<\/h3>\n\n\n<div class=\"wp-block-image is-resized\">\n<figure class=\"aligncenter size-full\"><img loading=\"lazy\" decoding=\"async\" width=\"684\" height=\"912\" src=\"https:\/\/nowakefi.pl\/wp-content\/uploads\/2022\/12\/Testarossa-2.jpg\" alt=\"\" class=\"wp-image-385\" srcset=\"https:\/\/nowakefi.pl\/wp-content\/uploads\/2022\/12\/Testarossa-2.jpg 684w, https:\/\/nowakefi.pl\/wp-content\/uploads\/2022\/12\/Testarossa-2-225x300.jpg 225w\" sizes=\"auto, (max-width: 684px) 100vw, 684px\" \/><figcaption class=\"wp-element-caption\"><strong>\u201e\u017badnych prac si\u0119 nie boimy\u2026\u201d<br>Dlatego istnieje mo\u017cliwo\u015b\u0107 zaprojektowania i wykonania indywidualnego zestawu wtryskowego do ka\u017cdego klasycznego pojazdu z silnikiem spalinowym.<br>Zapraszamy do kontaktu w celu ustalenia szczeg\u00f3\u0142\u00f3w.<\/strong><\/figcaption><\/figure>\n<\/div>\n\n\n<p><\/p>\n","protected":false},"excerpt":{"rendered":"<p>Zestaw elektronicznego wtrysku dla silnik\u00f3w V8 Mercedesa&nbsp;M119 SL500 R129 Zestaw elektronicznego wtrysku dla silnik\u00f3w V8 Mercedesa&nbsp;M116 i M117 Zestaw elektronicznego wtrysku dla silnik\u00f3w R6 Mercedesa M110, M103, M104 Zestaw elektronicznego wtrysku dla silnik\u00f3w R4 Mercedesa M102 Pozosta\u0142e zestawy pozwalaj\u0105ce zast\u0105pi\u0107 uk\u0142ad mechanicznego wtrysku paliwa, naszymi zestawami EFI &#8211; elektroniczny wtrysk paliwa. Indywidualne dopasowanie<\/p>\n","protected":false},"author":2,"featured_media":0,"parent":0,"menu_order":0,"comment_status":"closed","ping_status":"closed","template":"","meta":{"om_disable_all_campaigns":false,"_monsterinsights_skip_tracking":false,"_monsterinsights_sitenote_active":false,"_monsterinsights_sitenote_note":"","_monsterinsights_sitenote_category":0,"footnotes":""},"class_list":["post-377","page","type-page","status-publish","czr-hentry"],"aioseo_notices":[],"_links":{"self":[{"href":"https:\/\/nowakefi.pl\/index.php\/wp-json\/wp\/v2\/pages\/377","targetHints":{"allow":["GET"]}}],"collection":[{"href":"https:\/\/nowakefi.pl\/index.php\/wp-json\/wp\/v2\/pages"}],"about":[{"href":"https:\/\/nowakefi.pl\/index.php\/wp-json\/wp\/v2\/types\/page"}],"author":[{"embeddable":true,"href":"https:\/\/nowakefi.pl\/index.php\/wp-json\/wp\/v2\/users\/2"}],"replies":[{"embeddable":true,"href":"https:\/\/nowakefi.pl\/index.php\/wp-json\/wp\/v2\/comments?post=377"}],"version-history":[{"count":21,"href":"https:\/\/nowakefi.pl\/index.php\/wp-json\/wp\/v2\/pages\/377\/revisions"}],"predecessor-version":[{"id":774,"href":"https:\/\/nowakefi.pl\/index.php\/wp-json\/wp\/v2\/pages\/377\/revisions\/774"}],"wp:attachment":[{"href":"https:\/\/nowakefi.pl\/index.php\/wp-json\/wp\/v2\/media?parent=377"}],"curies":[{"name":"wp","href":"https:\/\/api.w.org\/{rel}","templated":true}]}}